{"id":14394,"date":"2026-02-03T18:36:24","date_gmt":"2026-02-03T18:36:24","guid":{"rendered":"https:\/\/getitemsman.shop\/?post_type=product&#038;p=14394"},"modified":"2026-02-03T18:38:54","modified_gmt":"2026-02-03T18:38:54","slug":"ntaanoo-mini-projector-2025-4k-supported-portable-smart-projector-with-wifi-6-bt5-0-auto-keystone-360-rotatable-for-phone-tv-stick-laptop","status":"publish","type":"product","link":"https:\/\/getitemsman.shop\/es\/producto\/ntaanoo-mini-projector-2025-4k-supported-portable-smart-projector-with-wifi-6-bt5-0-auto-keystone-360-rotatable-for-phone-tv-stick-laptop\/","title":{"rendered":"Ntaanoo Mini Projector 2025 \u2013 4K Supported, Portable Smart Projector with WiFi 6 &#038; BT5.0, Auto Keystone, 360\u00b0 Rotatable for Phone, TV Stick &#038; Laptop"},"content":{"rendered":"<div data-elementor-type=\"product-post\" data-elementor-id=\"14394\" class=\"elementor elementor-14394\" data-elementor-post-type=\"product\">\n\t\t\t\t<div class=\"elementor-element elementor-element-61fd00b4 e-flex e-con-boxed e-con e-parent\" data-id=\"61fd00b4\" data-element_type=\"container\" data-settings=\"{&quot;ekit_has_onepagescroll_dot&quot;:&quot;yes&quot;}\">\n\t\t\t\t\t<div class=\"e-con-inner\">\n\t\t\t\t<div class=\"elementor-element elementor-element-320bc990 elementor-widget elementor-widget-image\" data-id=\"320bc990\" data-element_type=\"widget\" data-settings=\"{&quot;ekit_we_effect_on&quot;:&quot;none&quot;}\" data-widget_type=\"image.default\">\n\t\t\t\t<div class=\"elementor-widget-container\">\n\t\t\t\t\t\t\t\t\t\t\t\t\t\t\t<img loading=\"lazy\" decoding=\"async\" width=\"1464\" height=\"600\" src=\"https:\/\/getitemsman.shop\/wp-content\/uploads\/2026\/02\/6ee7b306-e60b-434f-a1fc-eac20ac2205e.__CR001464600_PT0_SX1464_V1___.png\" class=\"attachment-full size-full wp-image-14408 wvs-archive-product-image\" alt=\"\" srcset=\"https:\/\/getitemsman.shop\/wp-content\/uploads\/2026\/02\/6ee7b306-e60b-434f-a1fc-eac20ac2205e.__CR001464600_PT0_SX1464_V1___.png 1464w, https:\/\/getitemsman.shop\/wp-content\/uploads\/2026\/02\/6ee7b306-e60b-434f-a1fc-eac20ac2205e.__CR001464600_PT0_SX1464_V1___-300x123.png 300w, https:\/\/getitemsman.shop\/wp-content\/uploads\/2026\/02\/6ee7b306-e60b-434f-a1fc-eac20ac2205e.__CR001464600_PT0_SX1464_V1___-1024x420.png 1024w, https:\/\/getitemsman.shop\/wp-content\/uploads\/2026\/02\/6ee7b306-e60b-434f-a1fc-eac20ac2205e.__CR001464600_PT0_SX1464_V1___-768x315.png 768w, https:\/\/getitemsman.shop\/wp-content\/uploads\/2026\/02\/6ee7b306-e60b-434f-a1fc-eac20ac2205e.__CR001464600_PT0_SX1464_V1___-18x7.png 18w, https:\/\/getitemsman.shop\/wp-content\/uploads\/2026\/02\/6ee7b306-e60b-434f-a1fc-eac20ac2205e.__CR001464600_PT0_SX1464_V1___-600x246.png 600w, https:\/\/getitemsman.shop\/wp-content\/uploads\/2026\/02\/6ee7b306-e60b-434f-a1fc-eac20ac2205e.__CR001464600_PT0_SX1464_V1___-1x1.png 1w, https:\/\/getitemsman.shop\/wp-content\/uploads\/2026\/02\/6ee7b306-e60b-434f-a1fc-eac20ac2205e.__CR001464600_PT0_SX1464_V1___-10x4.png 10w\" sizes=\"auto, (max-width: 1464px) 100vw, 1464px\" \/>\t\t\t\t\t\t\t\t\t\t\t\t\t\t\t<\/div>\n\t\t\t\t<\/div>\n\t\t\t\t<div class=\"elementor-element elementor-element-74103bca elementor-widget elementor-widget-image\" data-id=\"74103bca\" data-element_type=\"widget\" data-settings=\"{&quot;ekit_we_effect_on&quot;:&quot;none&quot;}\" data-widget_type=\"image.default\">\n\t\t\t\t<div class=\"elementor-widget-container\">\n\t\t\t\t\t\t\t\t\t\t\t\t\t\t\t<img loading=\"lazy\" decoding=\"async\" width=\"1464\" height=\"600\" src=\"https:\/\/getitemsman.shop\/wp-content\/uploads\/2026\/02\/6d7b15c3-aa33-4ac1-b58c-3b96d0caa34e.__CR001464600_PT0_SX1464_V1___.png\" class=\"attachment-full size-full wp-image-14409 wvs-archive-product-image\" alt=\"\" srcset=\"https:\/\/getitemsman.shop\/wp-content\/uploads\/2026\/02\/6d7b15c3-aa33-4ac1-b58c-3b96d0caa34e.__CR001464600_PT0_SX1464_V1___.png 1464w, https:\/\/getitemsman.shop\/wp-content\/uploads\/2026\/02\/6d7b15c3-aa33-4ac1-b58c-3b96d0caa34e.__CR001464600_PT0_SX1464_V1___-300x123.png 300w, https:\/\/getitemsman.shop\/wp-content\/uploads\/2026\/02\/6d7b15c3-aa33-4ac1-b58c-3b96d0caa34e.__CR001464600_PT0_SX1464_V1___-1024x420.png 1024w, https:\/\/getitemsman.shop\/wp-content\/uploads\/2026\/02\/6d7b15c3-aa33-4ac1-b58c-3b96d0caa34e.__CR001464600_PT0_SX1464_V1___-768x315.png 768w, https:\/\/getitemsman.shop\/wp-content\/uploads\/2026\/02\/6d7b15c3-aa33-4ac1-b58c-3b96d0caa34e.__CR001464600_PT0_SX1464_V1___-18x7.png 18w, https:\/\/getitemsman.shop\/wp-content\/uploads\/2026\/02\/6d7b15c3-aa33-4ac1-b58c-3b96d0caa34e.__CR001464600_PT0_SX1464_V1___-600x246.png 600w, https:\/\/getitemsman.shop\/wp-content\/uploads\/2026\/02\/6d7b15c3-aa33-4ac1-b58c-3b96d0caa34e.__CR001464600_PT0_SX1464_V1___-1x1.png 1w, https:\/\/getitemsman.shop\/wp-content\/uploads\/2026\/02\/6d7b15c3-aa33-4ac1-b58c-3b96d0caa34e.__CR001464600_PT0_SX1464_V1___-10x4.png 10w\" sizes=\"auto, (max-width: 1464px) 100vw, 1464px\" \/>\t\t\t\t\t\t\t\t\t\t\t\t\t\t\t<\/div>\n\t\t\t\t<\/div>\n\t\t\t\t<div class=\"elementor-element elementor-element-5f28148e elementor-widget elementor-widget-image\" data-id=\"5f28148e\" data-element_type=\"widget\" data-settings=\"{&quot;ekit_we_effect_on&quot;:&quot;none&quot;}\" data-widget_type=\"image.default\">\n\t\t\t\t<div class=\"elementor-widget-container\">\n\t\t\t\t\t\t\t\t\t\t\t\t\t\t\t<img loading=\"lazy\" decoding=\"async\" width=\"1464\" height=\"600\" src=\"https:\/\/getitemsman.shop\/wp-content\/uploads\/2026\/02\/47ee1ac5-a711-4292-8c26-ce46f13d6812.__CR001464600_PT0_SX1464_V1___.png\" class=\"attachment-full size-full wp-image-14410 wvs-archive-product-image\" alt=\"\" srcset=\"https:\/\/getitemsman.shop\/wp-content\/uploads\/2026\/02\/47ee1ac5-a711-4292-8c26-ce46f13d6812.__CR001464600_PT0_SX1464_V1___.png 1464w, https:\/\/getitemsman.shop\/wp-content\/uploads\/2026\/02\/47ee1ac5-a711-4292-8c26-ce46f13d6812.__CR001464600_PT0_SX1464_V1___-300x123.png 300w, https:\/\/getitemsman.shop\/wp-content\/uploads\/2026\/02\/47ee1ac5-a711-4292-8c26-ce46f13d6812.__CR001464600_PT0_SX1464_V1___-1024x420.png 1024w, https:\/\/getitemsman.shop\/wp-content\/uploads\/2026\/02\/47ee1ac5-a711-4292-8c26-ce46f13d6812.__CR001464600_PT0_SX1464_V1___-768x315.png 768w, https:\/\/getitemsman.shop\/wp-content\/uploads\/2026\/02\/47ee1ac5-a711-4292-8c26-ce46f13d6812.__CR001464600_PT0_SX1464_V1___-18x7.png 18w, https:\/\/getitemsman.shop\/wp-content\/uploads\/2026\/02\/47ee1ac5-a711-4292-8c26-ce46f13d6812.__CR001464600_PT0_SX1464_V1___-600x246.png 600w, https:\/\/getitemsman.shop\/wp-content\/uploads\/2026\/02\/47ee1ac5-a711-4292-8c26-ce46f13d6812.__CR001464600_PT0_SX1464_V1___-1x1.png 1w, https:\/\/getitemsman.shop\/wp-content\/uploads\/2026\/02\/47ee1ac5-a711-4292-8c26-ce46f13d6812.__CR001464600_PT0_SX1464_V1___-10x4.png 10w\" sizes=\"auto, (max-width: 1464px) 100vw, 1464px\" \/>\t\t\t\t\t\t\t\t\t\t\t\t\t\t\t<\/div>\n\t\t\t\t<\/div>\n\t\t\t\t<div class=\"elementor-element elementor-element-179d9f3b elementor-widget elementor-widget-image\" data-id=\"179d9f3b\" data-element_type=\"widget\" data-settings=\"{&quot;ekit_we_effect_on&quot;:&quot;none&quot;}\" data-widget_type=\"image.default\">\n\t\t\t\t<div class=\"elementor-widget-container\">\n\t\t\t\t\t\t\t\t\t\t\t\t\t\t\t<img loading=\"lazy\" decoding=\"async\" width=\"1464\" height=\"600\" src=\"https:\/\/getitemsman.shop\/wp-content\/uploads\/2026\/02\/a013f5ec-5040-400c-8296-09a31b05e8db.__CR001464600_PT0_SX1464_V1___.png\" class=\"attachment-full size-full wp-image-14411 wvs-archive-product-image\" alt=\"\" srcset=\"https:\/\/getitemsman.shop\/wp-content\/uploads\/2026\/02\/a013f5ec-5040-400c-8296-09a31b05e8db.__CR001464600_PT0_SX1464_V1___.png 1464w, https:\/\/getitemsman.shop\/wp-content\/uploads\/2026\/02\/a013f5ec-5040-400c-8296-09a31b05e8db.__CR001464600_PT0_SX1464_V1___-300x123.png 300w, https:\/\/getitemsman.shop\/wp-content\/uploads\/2026\/02\/a013f5ec-5040-400c-8296-09a31b05e8db.__CR001464600_PT0_SX1464_V1___-1024x420.png 1024w, https:\/\/getitemsman.shop\/wp-content\/uploads\/2026\/02\/a013f5ec-5040-400c-8296-09a31b05e8db.__CR001464600_PT0_SX1464_V1___-768x315.png 768w, https:\/\/getitemsman.shop\/wp-content\/uploads\/2026\/02\/a013f5ec-5040-400c-8296-09a31b05e8db.__CR001464600_PT0_SX1464_V1___-18x7.png 18w, https:\/\/getitemsman.shop\/wp-content\/uploads\/2026\/02\/a013f5ec-5040-400c-8296-09a31b05e8db.__CR001464600_PT0_SX1464_V1___-600x246.png 600w, https:\/\/getitemsman.shop\/wp-content\/uploads\/2026\/02\/a013f5ec-5040-400c-8296-09a31b05e8db.__CR001464600_PT0_SX1464_V1___-1x1.png 1w, https:\/\/getitemsman.shop\/wp-content\/uploads\/2026\/02\/a013f5ec-5040-400c-8296-09a31b05e8db.__CR001464600_PT0_SX1464_V1___-10x4.png 10w\" sizes=\"auto, (max-width: 1464px) 100vw, 1464px\" \/>\t\t\t\t\t\t\t\t\t\t\t\t\t\t\t<\/div>\n\t\t\t\t<\/div>\n\t\t\t\t<div class=\"elementor-element elementor-element-584861e6 elementor--h-position-center elementor--v-position-middle elementor-arrows-position-inside elementor-pagination-position-inside elementor-widget elementor-widget-slides\" data-id=\"584861e6\" data-element_type=\"widget\" data-settings=\"{&quot;navigation&quot;:&quot;both&quot;,&quot;autoplay&quot;:&quot;yes&quot;,&quot;pause_on_hover&quot;:&quot;yes&quot;,&quot;pause_on_interaction&quot;:&quot;yes&quot;,&quot;autoplay_speed&quot;:5000,&quot;infinite&quot;:&quot;yes&quot;,&quot;transition&quot;:&quot;slide&quot;,&quot;transition_speed&quot;:500,&quot;ekit_we_effect_on&quot;:&quot;none&quot;}\" data-widget_type=\"slides.default\">\n\t\t\t\t<div class=\"elementor-widget-container\">\n\t\t\t\t\t\t\t\t\t<div class=\"elementor-swiper\">\r\n\t\t\t\t\t<div class=\"elementor-slides-wrapper elementor-main-swiper swiper\" role=\"region\" aria-roledescription=\"carousel\" aria-label=\"Slides\" dir=\"ltr\" data-animation=\"fadeInUp\">\r\n\t\t\t\t<div class=\"swiper-wrapper elementor-slides\">\r\n\t\t\t\t\t\t\t\t\t\t<div class=\"elementor-repeater-item-2e23f18 swiper-slide\" role=\"group\" aria-roledescription=\"slide\"><div class=\"swiper-slide-bg\" role=\"img\" aria-label=\"31c4dd98-ea24-4942-951a-c77c28c747db.__CR001464600_PT0_SX1464_V1___.png\"><\/div><div class=\"swiper-slide-inner\" ><div class=\"swiper-slide-contents\"><\/div><\/div><\/div><div class=\"elementor-repeater-item-4a0e0aa swiper-slide\" role=\"group\" aria-roledescription=\"slide\"><div class=\"swiper-slide-bg\" role=\"img\" aria-label=\"d56dabf8-1e6b-42fc-923f-12285f56e795.__CR001464600_PT0_SX1464_V1___.png\"><\/div><div class=\"swiper-slide-inner\" ><div class=\"swiper-slide-contents\"><\/div><\/div><\/div><div class=\"elementor-repeater-item-c922ff5 swiper-slide\" role=\"group\" aria-roledescription=\"slide\"><div class=\"swiper-slide-bg\" role=\"img\" aria-label=\"97a55751-a75b-4700-8ef6-7590ae029f30.__CR001464600_PT0_SX1464_V1___.png\"><\/div><div class=\"swiper-slide-inner\" ><div class=\"swiper-slide-contents\"><\/div><\/div><\/div><div class=\"elementor-repeater-item-807df17 swiper-slide\" role=\"group\" aria-roledescription=\"slide\"><div class=\"swiper-slide-bg\" role=\"img\" aria-label=\"b8873fcb-a104-4fb6-ba00-07bd924aab12.__CR001464600_PT0_SX1464_V1___.png\"><\/div><div class=\"swiper-slide-inner\" ><div class=\"swiper-slide-contents\"><div class=\"elementor-slide-description\">.<\/div><\/div><\/div><\/div>\t\t\t\t<\/div>\r\n\t\t\t\t\t\t\t\t\t\t\t\t\t\t\t<div class=\"elementor-swiper-button elementor-swiper-button-prev\" role=\"button\" tabindex=\"0\" aria-label=\"Previous slide\">\r\n\t\t\t\t\t\t\t<svg aria-hidden=\"true\" class=\"e-font-icon-svg e-eicon-chevron-left\" viewbox=\"0 0 1000 1000\" xmlns=\"http:\/\/www.w3.org\/2000\/svg\"><path d=\"M646 125C629 125 613 133 604 142L308 442C296 454 292 471 292 487 292 504 296 521 308 533L604 854C617 867 629 875 646 875 663 875 679 871 692 858 704 846 713 829 713 812 713 796 708 779 692 767L438 487 692 225C700 217 708 204 708 187 708 171 704 154 692 142 675 129 663 125 646 125Z\"><\/path><\/svg>\t\t\t\t\t\t<\/div>\r\n\t\t\t\t\t\t<div class=\"elementor-swiper-button elementor-swiper-button-next\" role=\"button\" tabindex=\"0\" aria-label=\"Next slide\">\r\n\t\t\t\t\t\t\t<svg aria-hidden=\"true\" class=\"e-font-icon-svg e-eicon-chevron-right\" viewbox=\"0 0 1000 1000\" xmlns=\"http:\/\/www.w3.org\/2000\/svg\"><path d=\"M696 533C708 521 713 504 713 487 713 471 708 454 696 446L400 146C388 133 375 125 354 125 338 125 325 129 313 142 300 154 292 171 292 187 292 204 296 221 308 233L563 492 304 771C292 783 288 800 288 817 288 833 296 850 308 863 321 871 338 875 354 875 371 875 388 867 400 854L696 533Z\"><\/path><\/svg>\t\t\t\t\t\t<\/div>\r\n\t\t\t\t\t\t\t\t\t\t\t\t\t\t\t\t<div class=\"swiper-pagination\"><\/div>\r\n\t\t\t\t\t\t\t\t\t\t\t\t<\/div>\r\n\t\t\t\t<\/div>\r\n\t\t\t\t\t\t\t\t<\/div>\n\t\t\t\t<\/div>\n\t\t\t\t<div class=\"elementor-element elementor-element-bc6d84e elementor-widget elementor-widget-image\" data-id=\"bc6d84e\" data-element_type=\"widget\" data-settings=\"{&quot;ekit_we_effect_on&quot;:&quot;none&quot;}\" data-widget_type=\"image.default\">\n\t\t\t\t<div class=\"elementor-widget-container\">\n\t\t\t\t\t\t\t\t\t\t\t\t\t\t\t<img loading=\"lazy\" decoding=\"async\" width=\"1464\" height=\"600\" src=\"https:\/\/getitemsman.shop\/wp-content\/uploads\/2026\/02\/fb553d47-1acb-4175-842e-80593984b050.__CR001464600_PT0_SX1464_V1___.png\" class=\"attachment-full size-full wp-image-14416 wvs-archive-product-image\" alt=\"\" srcset=\"https:\/\/getitemsman.shop\/wp-content\/uploads\/2026\/02\/fb553d47-1acb-4175-842e-80593984b050.__CR001464600_PT0_SX1464_V1___.png 1464w, https:\/\/getitemsman.shop\/wp-content\/uploads\/2026\/02\/fb553d47-1acb-4175-842e-80593984b050.__CR001464600_PT0_SX1464_V1___-300x123.png 300w, https:\/\/getitemsman.shop\/wp-content\/uploads\/2026\/02\/fb553d47-1acb-4175-842e-80593984b050.__CR001464600_PT0_SX1464_V1___-1024x420.png 1024w, https:\/\/getitemsman.shop\/wp-content\/uploads\/2026\/02\/fb553d47-1acb-4175-842e-80593984b050.__CR001464600_PT0_SX1464_V1___-768x315.png 768w, https:\/\/getitemsman.shop\/wp-content\/uploads\/2026\/02\/fb553d47-1acb-4175-842e-80593984b050.__CR001464600_PT0_SX1464_V1___-18x7.png 18w, https:\/\/getitemsman.shop\/wp-content\/uploads\/2026\/02\/fb553d47-1acb-4175-842e-80593984b050.__CR001464600_PT0_SX1464_V1___-600x246.png 600w, https:\/\/getitemsman.shop\/wp-content\/uploads\/2026\/02\/fb553d47-1acb-4175-842e-80593984b050.__CR001464600_PT0_SX1464_V1___-1x1.png 1w, https:\/\/getitemsman.shop\/wp-content\/uploads\/2026\/02\/fb553d47-1acb-4175-842e-80593984b050.__CR001464600_PT0_SX1464_V1___-10x4.png 10w\" sizes=\"auto, (max-width: 1464px) 100vw, 1464px\" \/>\t\t\t\t\t\t\t\t\t\t\t\t\t\t\t<\/div>\n\t\t\t\t<\/div>\n\t\t\t\t<div class=\"elementor-element elementor-element-42ddc0da elementor-widget elementor-widget-text-editor\" data-id=\"42ddc0da\" data-element_type=\"widget\" data-settings=\"{&quot;ekit_we_effect_on&quot;:&quot;none&quot;}\" data-widget_type=\"text-editor.default\">\n\t\t\t\t<div class=\"elementor-widget-container\">\n\t\t\t\t\t\t\t\t\t<!DOCTYPE html>\n<html>\n<head>\n    <style>\n        .spec-table {\n            width: 100%;\n            border-collapse: collapse;\n            font-family: Arial, sans-serif;\n        }\n        .spec-row {\n            border-bottom: 1px solid #000;\n        }\n        .spec-row td {\n            padding: 8px 4px;\n            vertical-align: top;\n        }\n        .col-1 { width: 25%; }\n        .col-2 { width: 25%; }\n        .col-3 { width: 25%; }\n        .col-4 { width: 25%; }\n    <\/style>\n<\/head>\n<body>\n    <table class=\"spec-table\">\n        <tr class=\"spec-row\">\n            <td class=\"col-1\">Producto qu\u00edmico de alta preocupaci\u00f3n<\/td>\n            <td class=\"col-2\">Ninguno<\/td>\n            <td class=\"col-3\"><\/td>\n            <td class=\"col-4\"><\/td>\n        <\/tr>\n        <tr class=\"spec-row\">\n            <td class=\"col-1\">Control remoto incluido<\/td>\n            <td class=\"col-2\">S\u00cd<\/td>\n            <td class=\"col-3\"><\/td>\n            <td class=\"col-4\"><\/td>\n        <\/tr>\n        <tr class=\"spec-row\">\n            <td class=\"col-1\">Compatible con Bluetooth<\/td>\n            <td class=\"col-2\">S\u00cd<\/td>\n            <td class=\"col-3\"><\/td>\n            <td class=\"col-4\"><\/td>\n        <\/tr>\n        <tr class=\"spec-row\">\n            <td class=\"col-1\">Categor\u00eda<\/td>\n            <td class=\"col-2\">Proyectores<\/td>\n            <td class=\"col-3\"><\/td>\n            <td class=\"col-4\"><\/td>\n        <\/tr>\n        <tr class=\"spec-row\">\n            <td class=\"col-1\">Brillo<\/td>\n            <td class=\"col-2\">2500 l\u00famenes<\/td>\n            <td class=\"col-3\"><\/td>\n            <td class=\"col-4\"><\/td>\n        <\/tr>\n        <tr class=\"spec-row\">\n            <td class=\"col-1\">Tama\u00f1o de Pantalla<\/td>\n            <td class=\"col-2\">\u226413.5<\/td>\n            <td class=\"col-3\"><\/td>\n            <td class=\"col-4\"><\/td>\n        <\/tr>\n        <tr class=\"spec-row\">\n            <td class=\"col-1\">Funci\u00f3n<\/td>\n            <td class=\"col-2\">Reproducci\u00f3n de v\u00eddeo<\/td>\n            <td class=\"col-3\"><\/td>\n            <td class=\"col-4\"><\/td>\n        <\/tr>\n        <tr class=\"spec-row\">\n            <td class=\"col-1\">Fuente de Alimentaci\u00f3n<\/td>\n            <td class=\"col-2\">OTRO<\/td>\n            <td class=\"col-3\"><\/td>\n            <td class=\"col-4\"><\/td>\n        <\/tr>\n        <tr class=\"spec-row\">\n            <td class=\"col-1\">Adaptador de Mensajes<\/td>\n            <td class=\"col-2\">S\u00ed<\/td>\n            <td class=\"col-3\"><\/td>\n            <td class=\"col-4\"><\/td>\n        <\/tr>\n        <tr class=\"spec-row\">\n            <td class=\"col-1\">Estructura<\/td>\n            <td class=\"col-2\">Con una pantalla de panel plano<\/td>\n            <td class=\"col-3\"><\/td>\n            <td class=\"col-4\"><\/td>\n        <\/tr>\n        <tr class=\"spec-row\">\n            <td class=\"col-1\">Correcci\u00f3n Keystone<\/td>\n            <td class=\"col-2\">Correcci\u00f3n manual<\/td>\n            <td class=\"col-3\"><\/td>\n            <td class=\"col-4\"><\/td>\n        <\/tr>\n    <\/table>\n<\/body>\n<\/html>\t\t\t\t\t\t\t\t<\/div>\n\t\t\t\t<\/div>\n\t\t\t\t\t<\/div>\n\t\t\t\t<\/div>\n\t\t\t\t<\/div>","protected":false},"excerpt":{"rendered":"<p>. Producto qu\u00edmico de alta preocupaci\u00f3n Ninguno Control remoto incluido S\u00cd Compatible con Bluetooth S\u00cd Categor\u00eda Proyectores Brillo 2500 l\u00famenes&#8230;<\/p>","protected":false},"featured_media":14395,"comment_status":"open","ping_status":"closed","template":"","meta":{"_acf_changed":false},"etheme_brands":[],"product_brand":[],"product_cat":[118],"product_tag":[],"class_list":{"0":"post-14394","1":"product","2":"type-product","3":"status-publish","4":"has-post-thumbnail","6":"product_cat-sale-shop","8":"first","9":"instock","10":"sale","11":"shipping-taxable","12":"purchasable","13":"product-type-simple"},"acf":[],"_links":{"self":[{"href":"https:\/\/getitemsman.shop\/es\/wp-json\/wp\/v2\/product\/14394","targetHints":{"allow":["GET"]}}],"collection":[{"href":"https:\/\/getitemsman.shop\/es\/wp-json\/wp\/v2\/product"}],"about":[{"href":"https:\/\/getitemsman.shop\/es\/wp-json\/wp\/v2\/types\/product"}],"replies":[{"embeddable":true,"href":"https:\/\/getitemsman.shop\/es\/wp-json\/wp\/v2\/comments?post=14394"}],"version-history":[{"count":7,"href":"https:\/\/getitemsman.shop\/es\/wp-json\/wp\/v2\/product\/14394\/revisions"}],"predecessor-version":[{"id":14424,"href":"https:\/\/getitemsman.shop\/es\/wp-json\/wp\/v2\/product\/14394\/revisions\/14424"}],"wp:featuredmedia":[{"embeddable":true,"href":"https:\/\/getitemsman.shop\/es\/wp-json\/wp\/v2\/media\/14395"}],"wp:attachment":[{"href":"https:\/\/getitemsman.shop\/es\/wp-json\/wp\/v2\/media?parent=14394"}],"wp:term":[{"taxonomy":"brand","embeddable":true,"href":"https:\/\/getitemsman.shop\/es\/wp-json\/wp\/v2\/etheme_brands?post=14394"},{"taxonomy":"product_brand","embeddable":true,"href":"https:\/\/getitemsman.shop\/es\/wp-json\/wp\/v2\/product_brand?post=14394"},{"taxonomy":"product_cat","embeddable":true,"href":"https:\/\/getitemsman.shop\/es\/wp-json\/wp\/v2\/product_cat?post=14394"},{"taxonomy":"product_tag","embeddable":true,"href":"https:\/\/getitemsman.shop\/es\/wp-json\/wp\/v2\/product_tag?post=14394"}],"curies":[{"name":"wp","href":"https:\/\/api.w.org\/{rel}","templated":true}]}}